{"id":950,"date":"2017-10-06T16:32:43","date_gmt":"2017-10-06T16:32:43","guid":{"rendered":"https:\/\/wptest.mdek12.org\/testsite2\/dispute-resolution\/"},"modified":"2023-12-15T20:31:47","modified_gmt":"2023-12-15T20:31:47","slug":"dispute-resolution","status":"publish","type":"page","link":"https:\/\/wpdev01.mdek12.org\/specialeducation\/dispute-resolution\/","title":{"rendered":"Dispute Resolution"},"content":{"rendered":"<h4><strong>Publications<\/strong><\/h4>\n<ul>\n<li><a href=\"\/sites\/default\/files\/Offices\/MDE\/OAE\/OSE\/Parents\/procedural-safeguards-december-17-2013.doc\">Procedural Safeguards<\/a>\n<ul>\n<li><a href=\"\/sites\/default\/files\/Offices\/MDE\/OAE\/OSE\/Parents\/es-procedural-safeguards-september-2013.pdf\">Espa\u00f1ol (Spanish)<\/a>&nbsp;&#8211; no incluye informaci\u00f3n revisada con respecto al a\u00f1o escolar extendido (ESY).&nbsp;Esta informaci\u00f3n se a\u00f1adir\u00e1 una vez que el proceso de traducci\u00f3n ha sido finalizado.<\/li>\n<li><a href=\"\/sites\/default\/files\/Offices\/MDE\/OAE\/OSE\/Parents\/vt-procedural-safeguards-september-2013.pdf\">Vi\u1ec7t (Vietnamese)<\/a>&nbsp;&#8211;&nbsp;<font style=\"vertical-align: inherit\"><font style=\"vertical-align: inherit\">kh\u00f4ng bao g\u1ed3m th\u00f4ng tin s\u1eeda \u0111\u1ed5i v\u1ec1 Extended Tr\u01b0\u1eddng (ESY).&nbsp;<\/font><font style=\"vertical-align: inherit\">Nh\u1eefng th\u00f4ng tin n\u00e0y s\u1ebd \u0111\u01b0\u1ee3c b\u1ed5 sung sau khi qu\u00e1 tr\u00ecnh d\u1ecbch \u0111\u00e3 \u0111\u01b0\u1ee3c ho\u00e0n t\u1ea5t.<\/font><\/font><\/li>\n<\/ul>\n<\/li>\n<\/ul>\n<ul>\n<li><a href=\"\/specialeducation\/special-education-due-process-hearing-decisions\/\">Due Process Hearing Decisions<\/a><\/li>\n<\/ul>\n<h4><strong>Forms<\/strong><\/h4>\n<ul>\n<li><a href=\"\/sites\/default\/files\/Offices\/MDE\/OAE\/OSE\/Parents\/due_process_revised_06-24-11.doc\">Due Process Request Form&nbsp;<\/a><\/li>\n<li><a href=\"\/sites\/default\/files\/Offices\/MDE\/OAE\/OSE\/Parents\/formal_complaint_revised_06-24-11.doc\">Complaint Form Under Part B<\/a><a href=\"\/sites\/default\/files\/Offices\/MDE\/OAE\/OSE\/Parents\/formal_complaint_revised_06-24-11.doc\">&nbsp;<\/a><\/li>\n<li><a href=\"\/sites\/default\/files\/Offices\/MDE\/OAE\/OSE\/Parents\/resolution_agreement_9-15-11.doc\">Resolution Agreement Form<\/a><\/li>\n<li><a href=\"\/sites\/default\/files\/Offices\/MDE\/OAE\/OSE\/Parents\/expedited_resolution_9-15-11.doc\">Expedited Resolution Agreement Form<\/a><\/li>\n<li><a href=\"\/sites\/default\/files\/Offices\/MDE\/OAE\/OSE\/Parents\/request-for-mediation-form.docx\">Mediation Form<\/a><\/li>\n<li><a href=\"\/sites\/default\/files\/Offices\/MDE\/OAE\/OSE\/Parents\/dp-c_withdrawal.doc\">Due Process\/Complaint Withdrawal<\/a><\/li>\n<li><a href=\"\/sites\/default\/files\/Offices\/MDE\/OAE\/OSE\/Parents\/facilitation-of-special-education-individualized-education-program-meetings.docx\">Facilitation of Special Education Individualized Education Program Meetings<\/a><\/li>\n<li><a href=\"\/sites\/default\/files\/request-special-education-team-meeting-faciliator-updated-january-2023_0.pdf\">Request Special Education Team Meeting Facilitator&nbsp;<\/a><\/li>\n<\/ul>\n<h4><strong>Resources<\/strong><\/h4>\n<ul>\n<li><a href=\"\/sites\/default\/files\/Offices\/MDE\/OAE\/OSE\/Parents\/parent-advocacy-groups-7-17-17.pdf\">Parent Groups Listing<\/a><\/li>\n<\/ul>\n<h4>&nbsp;<\/h4>\n","protected":false},"excerpt":{"rendered":"<p>Publications Procedural Safeguards Espa\u00f1ol (Spanish)&nbsp;&#8211; no incluye informaci\u00f3n revisada con respecto al a\u00f1o escolar extendido (ESY).&nbsp;Esta informaci\u00f3n se a\u00f1adir\u00e1 una vez que el proceso de traducci\u00f3n ha sido finalizado. Vi\u1ec7t (Vietnamese)&nbsp;&#8211;&nbsp;kh\u00f4ng bao g\u1ed3m th\u00f4ng tin s\u1eeda \u0111\u1ed5i v\u1ec1 Extended Tr\u01b0\u1eddng (ESY).&nbsp;Nh\u1eefng th\u00f4ng tin n\u00e0y s\u1ebd \u0111\u01b0\u1ee3c b\u1ed5 sung sau khi qu\u00e1 tr\u00ecnh d\u1ecbch \u0111\u00e3 \u0111\u01b0\u1ee3c [&hellip;]<\/p>\n","protected":false},"author":28,"featured_media":0,"parent":0,"menu_order":0,"comment_status":"closed","ping_status":"closed","template":"","meta":{"footnotes":""},"class_list":["post-950","page","type-page","status-publish","hentry"],"_links":{"self":[{"href":"https:\/\/wpdev01.mdek12.org\/specialeducation\/wp-json\/wp\/v2\/pages\/950"}],"collection":[{"href":"https:\/\/wpdev01.mdek12.org\/specialeducation\/wp-json\/wp\/v2\/pages"}],"about":[{"href":"https:\/\/wpdev01.mdek12.org\/specialeducation\/wp-json\/wp\/v2\/types\/page"}],"author":[{"embeddable":true,"href":"https:\/\/wpdev01.mdek12.org\/specialeducation\/wp-json\/wp\/v2\/users\/28"}],"replies":[{"embeddable":true,"href":"https:\/\/wpdev01.mdek12.org\/specialeducation\/wp-json\/wp\/v2\/comments?post=950"}],"version-history":[{"count":3,"href":"https:\/\/wpdev01.mdek12.org\/specialeducation\/wp-json\/wp\/v2\/pages\/950\/revisions"}],"predecessor-version":[{"id":2229,"href":"https:\/\/wpdev01.mdek12.org\/specialeducation\/wp-json\/wp\/v2\/pages\/950\/revisions\/2229"}],"wp:attachment":[{"href":"https:\/\/wpdev01.mdek12.org\/specialeducation\/wp-json\/wp\/v2\/media?parent=950"}],"curies":[{"name":"wp","href":"https:\/\/api.w.org\/{rel}","templated":true}]}}